{"id":541,"date":"2023-01-06T16:12:13","date_gmt":"2023-01-06T21:12:13","guid":{"rendered":"https:\/\/cipsela.org\/?post_type=product&#038;p=541"},"modified":"2025-02-05T21:53:52","modified_gmt":"2025-02-06T02:53:52","slug":"coheteria-en-papel","status":"publish","type":"product","link":"https:\/\/sek.com.br\/lab\/cipsela\/producto\/coheteria-en-papel\/","title":{"rendered":"El Capit\u00e1n Beto"},"content":{"rendered":"<p>El cohete del Capit\u00e1n Beto puede volar una y otra vez. Despu\u00e9s de cada vuelo, simplemente inserte un nuevo motor con su ignitor, reinstale el paraca\u00eddas y podr\u00e1 volar de nuevo.<\/p>\n<p><strong>Especificaciones<\/strong><\/p>\n<ul>\n<li><strong>Longitud:<\/strong> 62,5 cm<\/li>\n<li><strong>Di\u00e1metro:<\/strong> 3,4 cm<\/li>\n<li><strong>Peso:<\/strong> 75 g<\/li>\n<li><strong>Sistema de recuperaci\u00f3n:<\/strong> paraca\u00eddas<\/li>\n<li><strong>Motores recomendados:<\/strong> B6-4 (alt. 120 m) y C6-5 (alt. 250 m)<\/li>\n<\/ul>\n<p>&nbsp;<\/p>\n<p><strong>Este kit incluye:<\/strong><\/p>\n<ul>\n<li>Fuselaje<\/li>\n<li>Aletas<\/li>\n<li>Nariz<\/li>\n<li>Paraca\u00eddas<\/li>\n<li>Sistema de ignici\u00f3n<\/li>\n<li>Plataforma de lanzamiento<\/li>\n<li>Manual de instrucciones<\/li>\n<\/ul>\n","protected":false},"excerpt":{"rendered":"<p>El cohete del Capit\u00e1n Beto puede volar una y otra vez. Despu\u00e9s de cada vuelo, simplemente inserte un nuevo motor con su ignitor, reinstale el paraca\u00eddas y podr\u00e1 volar de nuevo.<\/p>\n","protected":false},"featured_media":2494,"comment_status":"open","ping_status":"closed","template":"","meta":{"ocean_post_layout":"","ocean_both_sidebars_style":"","ocean_both_sidebars_content_width":0,"ocean_both_sidebars_sidebars_width":0,"ocean_sidebar":"0","ocean_second_sidebar":"0","ocean_disable_margins":"enable","ocean_add_body_class":"","ocean_shortcode_before_top_bar":"","ocean_shortcode_after_top_bar":"","ocean_shortcode_before_header":"","ocean_shortcode_after_header":"","ocean_has_shortcode":"","ocean_shortcode_after_title":"","ocean_shortcode_before_footer_widgets":"","ocean_shortcode_after_footer_widgets":"","ocean_shortcode_before_footer_bottom":"","ocean_shortcode_after_footer_bottom":"","ocean_display_top_bar":"default","ocean_display_header":"default","ocean_header_style":"transparent","ocean_center_header_left_menu":"0","ocean_custom_header_template":"0","ocean_custom_logo":0,"ocean_custom_retina_logo":0,"ocean_custom_logo_max_width":0,"ocean_custom_logo_tablet_max_width":0,"ocean_custom_logo_mobile_max_width":0,"ocean_custom_logo_max_height":0,"ocean_custom_logo_tablet_max_height":0,"ocean_custom_logo_mobile_max_height":0,"ocean_header_custom_menu":"0","ocean_menu_typo_font_family":"0","ocean_menu_typo_font_subset":"","ocean_menu_typo_font_size":0,"ocean_menu_typo_font_size_tablet":0,"ocean_menu_typo_font_size_mobile":0,"ocean_menu_typo_font_size_unit":"px","ocean_menu_typo_font_weight":"","ocean_menu_typo_font_weight_tablet":"","ocean_menu_typo_font_weight_mobile":"","ocean_menu_typo_transform":"","ocean_menu_typo_transform_tablet":"","ocean_menu_typo_transform_mobile":"","ocean_menu_typo_line_height":0,"ocean_menu_typo_line_height_tablet":0,"ocean_menu_typo_line_height_mobile":0,"ocean_menu_typo_line_height_unit":"","ocean_menu_typo_spacing":0,"ocean_menu_typo_spacing_tablet":0,"ocean_menu_typo_spacing_mobile":0,"ocean_menu_typo_spacing_unit":"","ocean_menu_link_color":"","ocean_menu_link_color_hover":"","ocean_menu_link_color_active":"","ocean_menu_link_background":"","ocean_menu_link_hover_background":"","ocean_menu_link_active_background":"","ocean_menu_social_links_bg":"","ocean_menu_social_hover_links_bg":"","ocean_menu_social_links_color":"","ocean_menu_social_hover_links_color":"","ocean_disable_title":"default","ocean_disable_heading":"on","ocean_post_title":"","ocean_post_subheading":"","ocean_post_title_style":"background-image","ocean_post_title_background_color":"","ocean_post_title_background":130,"ocean_post_title_bg_image_position":"center center","ocean_post_title_bg_image_attachment":"scroll","ocean_post_title_bg_image_repeat":"no-repeat","ocean_post_title_bg_image_size":"","ocean_post_title_height":200,"ocean_post_title_bg_overlay":0.5,"ocean_post_title_bg_overlay_color":"","ocean_disable_breadcrumbs":"default","ocean_breadcrumbs_color":"","ocean_breadcrumbs_separator_color":"","ocean_breadcrumbs_links_color":"","ocean_breadcrumbs_links_hover_color":"","ocean_display_footer_widgets":"default","ocean_display_footer_bottom":"default","ocean_custom_footer_template":"0"},"product_brand":[],"product_cat":[84],"product_tag":[],"class_list":{"0":"post-541","1":"product","2":"type-product","3":"status-publish","4":"has-post-thumbnail","6":"product_cat-09-17-anos","8":"entry","9":"has-media","11":"first","12":"instock","13":"sale","14":"virtual","15":"purchasable","16":"product-type-simple","17":"has-product-nav","18":"col","19":"span_1_of_3","20":"owp-content-center","21":"item-entry","22":"owp-thumbs-layout-horizontal","23":"owp-btn-big","24":"owp-tabs-layout-section"},"yoast_head":"<!-- This site is optimized with the Yoast SEO plugin v27.2 - https:\/\/yoast.com\/product\/yoast-seo-wordpress\/ -->\n<title>El Capit\u00e1n Beto - Cipsela Corp<\/title>\n<meta name=\"robots\" content=\"index, follow, max-snippet:-1, max-image-preview:large, max-video-preview:-1\" \/>\n<link rel=\"canonical\" href=\"https:\/\/sek.com.br\/lab\/cipsela\/producto\/coheteria-en-papel\/\" \/>\n<meta property=\"og:locale\" content=\"es_ES\" \/>\n<meta property=\"og:type\" content=\"article\" \/>\n<meta property=\"og:title\" content=\"El Capit\u00e1n Beto - Cipsela Corp\" \/>\n<meta property=\"og:description\" content=\"El cohete del Capit\u00e1n Beto puede volar una y otra vez. Despu\u00e9s de cada vuelo, simplemente inserte un nuevo motor con su ignitor, reinstale el paraca\u00eddas y podr\u00e1 volar de nuevo.\" \/>\n<meta property=\"og:url\" content=\"https:\/\/sek.com.br\/lab\/cipsela\/producto\/coheteria-en-papel\/\" \/>\n<meta property=\"og:site_name\" content=\"Cipsela Corp\" \/>\n<meta property=\"article:publisher\" content=\"https:\/\/www.facebook.com\/cipselacorp\" \/>\n<meta property=\"article:modified_time\" content=\"2025-02-06T02:53:52+00:00\" \/>\n<meta property=\"og:image\" content=\"https:\/\/sek.com.br\/lab\/cipsela\/wp-content\/uploads\/2023\/01\/Capitan-Beto.jpeg\" \/>\n\t<meta property=\"og:image:width\" content=\"952\" \/>\n\t<meta property=\"og:image:height\" content=\"1280\" \/>\n\t<meta property=\"og:image:type\" content=\"image\/jpeg\" \/>\n<meta name=\"twitter:card\" content=\"summary_large_image\" \/>\n<meta name=\"twitter:site\" content=\"@cipselacorp\" \/>\n<script type=\"application\/ld+json\" class=\"yoast-schema-graph\">{\"@context\":\"https:\/\/schema.org\",\"@graph\":[{\"@type\":\"WebPage\",\"@id\":\"https:\/\/sek.com.br\/lab\/cipsela\/producto\/coheteria-en-papel\/\",\"url\":\"https:\/\/sek.com.br\/lab\/cipsela\/producto\/coheteria-en-papel\/\",\"name\":\"El Capit\u00e1n Beto - Cipsela Corp\",\"isPartOf\":{\"@id\":\"https:\/\/sek.com.br\/lab\/cipsela\/#website\"},\"primaryImageOfPage\":{\"@id\":\"https:\/\/sek.com.br\/lab\/cipsela\/producto\/coheteria-en-papel\/#primaryimage\"},\"image\":{\"@id\":\"https:\/\/sek.com.br\/lab\/cipsela\/producto\/coheteria-en-papel\/#primaryimage\"},\"thumbnailUrl\":\"https:\/\/sek.com.br\/lab\/cipsela\/wp-content\/uploads\/2023\/01\/Capitan-Beto.jpeg\",\"datePublished\":\"2023-01-06T21:12:13+00:00\",\"dateModified\":\"2025-02-06T02:53:52+00:00\",\"breadcrumb\":{\"@id\":\"https:\/\/sek.com.br\/lab\/cipsela\/producto\/coheteria-en-papel\/#breadcrumb\"},\"inLanguage\":\"es\",\"potentialAction\":[{\"@type\":\"ReadAction\",\"target\":[\"https:\/\/sek.com.br\/lab\/cipsela\/producto\/coheteria-en-papel\/\"]}]},{\"@type\":\"ImageObject\",\"inLanguage\":\"es\",\"@id\":\"https:\/\/sek.com.br\/lab\/cipsela\/producto\/coheteria-en-papel\/#primaryimage\",\"url\":\"https:\/\/sek.com.br\/lab\/cipsela\/wp-content\/uploads\/2023\/01\/Capitan-Beto.jpeg\",\"contentUrl\":\"https:\/\/sek.com.br\/lab\/cipsela\/wp-content\/uploads\/2023\/01\/Capitan-Beto.jpeg\",\"width\":952,\"height\":1280},{\"@type\":\"BreadcrumbList\",\"@id\":\"https:\/\/sek.com.br\/lab\/cipsela\/producto\/coheteria-en-papel\/#breadcrumb\",\"itemListElement\":[{\"@type\":\"ListItem\",\"position\":1,\"name\":\"Home\",\"item\":\"https:\/\/sek.com.br\/lab\/cipsela\/\"},{\"@type\":\"ListItem\",\"position\":2,\"name\":\"Tienda\",\"item\":\"https:\/\/sek.com.br\/lab\/cipsela\/tienda\/\"},{\"@type\":\"ListItem\",\"position\":3,\"name\":\"El Capit\u00e1n Beto\"}]},{\"@type\":\"WebSite\",\"@id\":\"https:\/\/sek.com.br\/lab\/cipsela\/#website\",\"url\":\"https:\/\/sek.com.br\/lab\/cipsela\/\",\"name\":\"Cipsela Corp\",\"description\":\"Creative and Innovative Programs for Space Education, Launch, and Aviation\",\"publisher\":{\"@id\":\"https:\/\/sek.com.br\/lab\/cipsela\/#organization\"},\"potentialAction\":[{\"@type\":\"SearchAction\",\"target\":{\"@type\":\"EntryPoint\",\"urlTemplate\":\"https:\/\/sek.com.br\/lab\/cipsela\/?s={search_term_string}\"},\"query-input\":{\"@type\":\"PropertyValueSpecification\",\"valueRequired\":true,\"valueName\":\"search_term_string\"}}],\"inLanguage\":\"es\"},{\"@type\":\"Organization\",\"@id\":\"https:\/\/sek.com.br\/lab\/cipsela\/#organization\",\"name\":\"Cipsela Corp\",\"url\":\"https:\/\/sek.com.br\/lab\/cipsela\/\",\"logo\":{\"@type\":\"ImageObject\",\"inLanguage\":\"es\",\"@id\":\"https:\/\/sek.com.br\/lab\/cipsela\/#\/schema\/logo\/image\/\",\"url\":\"https:\/\/cipsela.org\/wp-content\/uploads\/2023\/02\/LOGO-CIPSELA-HZTL_Mesa-de-trabajo-1.png\",\"contentUrl\":\"https:\/\/cipsela.org\/wp-content\/uploads\/2023\/02\/LOGO-CIPSELA-HZTL_Mesa-de-trabajo-1.png\",\"width\":5000,\"height\":1602,\"caption\":\"Cipsela Corp\"},\"image\":{\"@id\":\"https:\/\/sek.com.br\/lab\/cipsela\/#\/schema\/logo\/image\/\"},\"sameAs\":[\"https:\/\/www.facebook.com\/cipselacorp\",\"https:\/\/x.com\/cipselacorp\",\"https:\/\/www.tiktok.com\/@cipselacorp\",\"https:\/\/www.linkedin.com\/company\/cipselacorp\/?originalSubdomain=co\",\"https:\/\/www.instagram.com\/cipselacorp\/\",\"https:\/\/www.youtube.com\/channel\/UCL6tXFi8myb9FDOlcFulXlA\"]}]}<\/script>\n<!-- \/ Yoast SEO plugin. -->","yoast_head_json":{"title":"El Capit\u00e1n Beto - Cipsela Corp","robots":{"index":"index","follow":"follow","max-snippet":"max-snippet:-1","max-image-preview":"max-image-preview:large","max-video-preview":"max-video-preview:-1"},"canonical":"https:\/\/sek.com.br\/lab\/cipsela\/producto\/coheteria-en-papel\/","og_locale":"es_ES","og_type":"article","og_title":"El Capit\u00e1n Beto - Cipsela Corp","og_description":"El cohete del Capit\u00e1n Beto puede volar una y otra vez. Despu\u00e9s de cada vuelo, simplemente inserte un nuevo motor con su ignitor, reinstale el paraca\u00eddas y podr\u00e1 volar de nuevo.","og_url":"https:\/\/sek.com.br\/lab\/cipsela\/producto\/coheteria-en-papel\/","og_site_name":"Cipsela Corp","article_publisher":"https:\/\/www.facebook.com\/cipselacorp","article_modified_time":"2025-02-06T02:53:52+00:00","og_image":[{"width":952,"height":1280,"url":"https:\/\/sek.com.br\/lab\/cipsela\/wp-content\/uploads\/2023\/01\/Capitan-Beto.jpeg","type":"image\/jpeg"}],"twitter_card":"summary_large_image","twitter_site":"@cipselacorp","schema":{"@context":"https:\/\/schema.org","@graph":[{"@type":"WebPage","@id":"https:\/\/sek.com.br\/lab\/cipsela\/producto\/coheteria-en-papel\/","url":"https:\/\/sek.com.br\/lab\/cipsela\/producto\/coheteria-en-papel\/","name":"El Capit\u00e1n Beto - Cipsela Corp","isPartOf":{"@id":"https:\/\/sek.com.br\/lab\/cipsela\/#website"},"primaryImageOfPage":{"@id":"https:\/\/sek.com.br\/lab\/cipsela\/producto\/coheteria-en-papel\/#primaryimage"},"image":{"@id":"https:\/\/sek.com.br\/lab\/cipsela\/producto\/coheteria-en-papel\/#primaryimage"},"thumbnailUrl":"https:\/\/sek.com.br\/lab\/cipsela\/wp-content\/uploads\/2023\/01\/Capitan-Beto.jpeg","datePublished":"2023-01-06T21:12:13+00:00","dateModified":"2025-02-06T02:53:52+00:00","breadcrumb":{"@id":"https:\/\/sek.com.br\/lab\/cipsela\/producto\/coheteria-en-papel\/#breadcrumb"},"inLanguage":"es","potentialAction":[{"@type":"ReadAction","target":["https:\/\/sek.com.br\/lab\/cipsela\/producto\/coheteria-en-papel\/"]}]},{"@type":"ImageObject","inLanguage":"es","@id":"https:\/\/sek.com.br\/lab\/cipsela\/producto\/coheteria-en-papel\/#primaryimage","url":"https:\/\/sek.com.br\/lab\/cipsela\/wp-content\/uploads\/2023\/01\/Capitan-Beto.jpeg","contentUrl":"https:\/\/sek.com.br\/lab\/cipsela\/wp-content\/uploads\/2023\/01\/Capitan-Beto.jpeg","width":952,"height":1280},{"@type":"BreadcrumbList","@id":"https:\/\/sek.com.br\/lab\/cipsela\/producto\/coheteria-en-papel\/#breadcrumb","itemListElement":[{"@type":"ListItem","position":1,"name":"Home","item":"https:\/\/sek.com.br\/lab\/cipsela\/"},{"@type":"ListItem","position":2,"name":"Tienda","item":"https:\/\/sek.com.br\/lab\/cipsela\/tienda\/"},{"@type":"ListItem","position":3,"name":"El Capit\u00e1n Beto"}]},{"@type":"WebSite","@id":"https:\/\/sek.com.br\/lab\/cipsela\/#website","url":"https:\/\/sek.com.br\/lab\/cipsela\/","name":"Cipsela Corp","description":"Creative and Innovative Programs for Space Education, Launch, and Aviation","publisher":{"@id":"https:\/\/sek.com.br\/lab\/cipsela\/#organization"},"potentialAction":[{"@type":"SearchAction","target":{"@type":"EntryPoint","urlTemplate":"https:\/\/sek.com.br\/lab\/cipsela\/?s={search_term_string}"},"query-input":{"@type":"PropertyValueSpecification","valueRequired":true,"valueName":"search_term_string"}}],"inLanguage":"es"},{"@type":"Organization","@id":"https:\/\/sek.com.br\/lab\/cipsela\/#organization","name":"Cipsela Corp","url":"https:\/\/sek.com.br\/lab\/cipsela\/","logo":{"@type":"ImageObject","inLanguage":"es","@id":"https:\/\/sek.com.br\/lab\/cipsela\/#\/schema\/logo\/image\/","url":"https:\/\/cipsela.org\/wp-content\/uploads\/2023\/02\/LOGO-CIPSELA-HZTL_Mesa-de-trabajo-1.png","contentUrl":"https:\/\/cipsela.org\/wp-content\/uploads\/2023\/02\/LOGO-CIPSELA-HZTL_Mesa-de-trabajo-1.png","width":5000,"height":1602,"caption":"Cipsela Corp"},"image":{"@id":"https:\/\/sek.com.br\/lab\/cipsela\/#\/schema\/logo\/image\/"},"sameAs":["https:\/\/www.facebook.com\/cipselacorp","https:\/\/x.com\/cipselacorp","https:\/\/www.tiktok.com\/@cipselacorp","https:\/\/www.linkedin.com\/company\/cipselacorp\/?originalSubdomain=co","https:\/\/www.instagram.com\/cipselacorp\/","https:\/\/www.youtube.com\/channel\/UCL6tXFi8myb9FDOlcFulXlA"]}]}},"_links":{"self":[{"href":"https:\/\/sek.com.br\/lab\/cipsela\/wp-json\/wp\/v2\/product\/541","targetHints":{"allow":["GET"]}}],"collection":[{"href":"https:\/\/sek.com.br\/lab\/cipsela\/wp-json\/wp\/v2\/product"}],"about":[{"href":"https:\/\/sek.com.br\/lab\/cipsela\/wp-json\/wp\/v2\/types\/product"}],"replies":[{"embeddable":true,"href":"https:\/\/sek.com.br\/lab\/cipsela\/wp-json\/wp\/v2\/comments?post=541"}],"wp:featuredmedia":[{"embeddable":true,"href":"https:\/\/sek.com.br\/lab\/cipsela\/wp-json\/wp\/v2\/media\/2494"}],"wp:attachment":[{"href":"https:\/\/sek.com.br\/lab\/cipsela\/wp-json\/wp\/v2\/media?parent=541"}],"wp:term":[{"taxonomy":"product_brand","embeddable":true,"href":"https:\/\/sek.com.br\/lab\/cipsela\/wp-json\/wp\/v2\/product_brand?post=541"},{"taxonomy":"product_cat","embeddable":true,"href":"https:\/\/sek.com.br\/lab\/cipsela\/wp-json\/wp\/v2\/product_cat?post=541"},{"taxonomy":"product_tag","embeddable":true,"href":"https:\/\/sek.com.br\/lab\/cipsela\/wp-json\/wp\/v2\/product_tag?post=541"}],"curies":[{"name":"wp","href":"https:\/\/api.w.org\/{rel}","templated":true}]}}