{"id":4822,"date":"2023-02-14T18:51:05","date_gmt":"2023-02-14T23:51:05","guid":{"rendered":"https:\/\/cipsela.org\/producto\/coheteria-en-papel-copy-copy-copy-copy-copy\/"},"modified":"2023-02-16T17:32:23","modified_gmt":"2023-02-16T22:32:23","slug":"coheteria-en-papel-copy-copy-copy-copy-copy","status":"publish","type":"product","link":"https:\/\/sek.com.br\/lab\/cipsela\/producto\/coheteria-en-papel-copy-copy-copy-copy-copy\/","title":{"rendered":"Introducci\u00f3n al mundo de la aviaci\u00f3n (Aviaci\u00f3n y Aeron\u00e1utica &#8211; Nivel 1)"},"content":{"rendered":"<h2><b>INTRODUCCI\u00d3N AL MUNDO DE LA AVIACI\u00d3N\u00a0<\/b><\/h2>\n<p><b>Descripci\u00f3n:<\/b><\/p>\n<p><span style=\"font-weight: 400;\">Comenzando con la construcci\u00f3n, prueba y mejora de un planeador, los estudiantes asimilan los diferentes conceptos STEAM que permiten el vuelo de una aeronave.\u00a0<\/span> <span style=\"font-weight: 400;\">Luego, haciendo uso de tecnolog\u00edas digitales, como el seguimiento de aviones y comunicaciones aeron\u00e1uticas en vivo, se construye una visi\u00f3n global de los componentes y el funcionamiento de la aviaci\u00f3n moderna. Finalizamos con una visita t\u00e9cnica a un lugar de la industria aeron\u00e1utica en la regi\u00f3n.\u00a0<\/span><span style=\"font-weight: 400;\">\u00a0<\/span><\/p>\n<p><b>Programa Educativo: <\/b>Aviaci\u00f3n y Aeron\u00e1utica<\/p>\n<p><strong>Nivel: 1<\/strong><\/p>\n<p><b>Dirigido a:<\/b><span style=\"font-weight: 400;\"> J\u00f3venes de 9-14 a\u00f1os (4\u00b0- 9\u00b0 grado)<\/span><\/p>\n<p><b>Duraci\u00f3n: <\/b><span style=\"font-weight: 400;\">24 horas \/ 12 sesiones \/ 12 semanas<\/span><\/p>\n<p><b>Horario: <\/b><span style=\"font-weight: 400;\">S\u00e1bados 2-4 pm<\/span><\/p>\n<p><b>Contenidos:<\/b><\/p>\n<ul>\n<li><span style=\"font-weight: 400;\">Partes de un avi\u00f3n\u00a0<\/span><\/li>\n<li><span style=\"font-weight: 400;\">Din\u00e1mica de vuelo<\/span><\/li>\n<li style=\"font-weight: 400;\" aria-level=\"1\"><span style=\"font-weight: 400;\">Relaci\u00f3n de planeo<\/span><\/li>\n<li style=\"font-weight: 400;\" aria-level=\"1\"><span style=\"font-weight: 400;\">Superficies de control<\/span><\/li>\n<li style=\"font-weight: 400;\" aria-level=\"1\"><span style=\"font-weight: 400;\">Aviones modernos<\/span><\/li>\n<li style=\"font-weight: 400;\" aria-level=\"1\"><span style=\"font-weight: 400;\">Simuladores de vuelo<\/span><\/li>\n<li style=\"font-weight: 400;\" aria-level=\"1\"><span style=\"font-weight: 400;\">Aeropuertos<\/span><\/li>\n<li style=\"font-weight: 400;\" aria-level=\"1\"><span style=\"font-weight: 400;\">Rutas a\u00e9reas<\/span><\/li>\n<li style=\"font-weight: 400;\" aria-level=\"1\"><span style=\"font-weight: 400;\">Control de tr\u00e1fico a\u00e9reo<\/span><\/li>\n<\/ul>\n","protected":false},"excerpt":{"rendered":"<h2>Introducci\u00f3n al mundo de la aviaci\u00f3n (Aviaci\u00f3n y Aeron\u00e1utica &#8211; Nivel 1)<\/h2>\n","protected":false},"featured_media":4823,"comment_status":"open","ping_status":"closed","template":"","meta":{"ocean_post_layout":"","ocean_both_sidebars_style":"","ocean_both_sidebars_content_width":0,"ocean_both_sidebars_sidebars_width":0,"ocean_sidebar":"0","ocean_second_sidebar":"0","ocean_disable_margins":"enable","ocean_add_body_class":"","ocean_shortcode_before_top_bar":"","ocean_shortcode_after_top_bar":"","ocean_shortcode_before_header":"","ocean_shortcode_after_header":"","ocean_has_shortcode":"","ocean_shortcode_after_title":"","ocean_shortcode_before_footer_widgets":"","ocean_shortcode_after_footer_widgets":"","ocean_shortcode_before_footer_bottom":"","ocean_shortcode_after_footer_bottom":"","ocean_display_top_bar":"default","ocean_display_header":"default","ocean_header_style":"transparent","ocean_center_header_left_menu":"0","ocean_custom_header_template":"0","ocean_custom_logo":0,"ocean_custom_retina_logo":0,"ocean_custom_logo_max_width":0,"ocean_custom_logo_tablet_max_width":0,"ocean_custom_logo_mobile_max_width":0,"ocean_custom_logo_max_height":0,"ocean_custom_logo_tablet_max_height":0,"ocean_custom_logo_mobile_max_height":0,"ocean_header_custom_menu":"0","ocean_menu_typo_font_family":"0","ocean_menu_typo_font_subset":"","ocean_menu_typo_font_size":0,"ocean_menu_typo_font_size_tablet":0,"ocean_menu_typo_font_size_mobile":0,"ocean_menu_typo_font_size_unit":"px","ocean_menu_typo_font_weight":"","ocean_menu_typo_font_weight_tablet":"","ocean_menu_typo_font_weight_mobile":"","ocean_menu_typo_transform":"","ocean_menu_typo_transform_tablet":"","ocean_menu_typo_transform_mobile":"","ocean_menu_typo_line_height":0,"ocean_menu_typo_line_height_tablet":0,"ocean_menu_typo_line_height_mobile":0,"ocean_menu_typo_line_height_unit":"","ocean_menu_typo_spacing":0,"ocean_menu_typo_spacing_tablet":0,"ocean_menu_typo_spacing_mobile":0,"ocean_menu_typo_spacing_unit":"","ocean_menu_link_color":"","ocean_menu_link_color_hover":"","ocean_menu_link_color_active":"","ocean_menu_link_background":"","ocean_menu_link_hover_background":"","ocean_menu_link_active_background":"","ocean_menu_social_links_bg":"","ocean_menu_social_hover_links_bg":"","ocean_menu_social_links_color":"","ocean_menu_social_hover_links_color":"","ocean_disable_title":"default","ocean_disable_heading":"on","ocean_post_title":"","ocean_post_subheading":"","ocean_post_title_style":"background-image","ocean_post_title_background_color":"","ocean_post_title_background":130,"ocean_post_title_bg_image_position":"center center","ocean_post_title_bg_image_attachment":"scroll","ocean_post_title_bg_image_repeat":"no-repeat","ocean_post_title_bg_image_size":"","ocean_post_title_height":200,"ocean_post_title_bg_overlay":0.5,"ocean_post_title_bg_overlay_color":"","ocean_disable_breadcrumbs":"default","ocean_breadcrumbs_color":"","ocean_breadcrumbs_separator_color":"","ocean_breadcrumbs_links_color":"","ocean_breadcrumbs_links_hover_color":"","ocean_display_footer_widgets":"default","ocean_display_footer_bottom":"default","ocean_custom_footer_template":"0"},"product_brand":[],"product_cat":[82],"product_tag":[],"class_list":{"0":"post-4822","1":"product","2":"type-product","3":"status-publish","4":"has-post-thumbnail","6":"product_cat-cursos","8":"entry","9":"has-media","11":"first","12":"instock","13":"sale","14":"virtual","15":"purchasable","16":"product-type-simple","17":"has-product-nav","18":"col","19":"span_1_of_3","20":"owp-content-center","21":"item-entry","22":"owp-thumbs-layout-horizontal","23":"owp-btn-big","24":"owp-tabs-layout-section","25":"has-no-thumbnails"},"yoast_head":"<!-- This site is optimized with the Yoast SEO plugin v27.2 - https:\/\/yoast.com\/product\/yoast-seo-wordpress\/ -->\n<title>Introducci\u00f3n al mundo de la aviaci\u00f3n (Aviaci\u00f3n y Aeron\u00e1utica - Nivel 1) - Cipsela Corp<\/title>\n<meta name=\"robots\" content=\"index, follow, max-snippet:-1, max-image-preview:large, max-video-preview:-1\" \/>\n<link rel=\"canonical\" href=\"https:\/\/sek.com.br\/lab\/cipsela\/producto\/coheteria-en-papel-copy-copy-copy-copy-copy\/\" \/>\n<meta property=\"og:locale\" content=\"es_ES\" \/>\n<meta property=\"og:type\" content=\"article\" \/>\n<meta property=\"og:title\" content=\"Introducci\u00f3n al mundo de la aviaci\u00f3n (Aviaci\u00f3n y Aeron\u00e1utica - Nivel 1) - Cipsela Corp\" \/>\n<meta property=\"og:description\" content=\"Introducci\u00f3n al mundo de la aviaci\u00f3n (Aviaci\u00f3n y Aeron\u00e1utica - Nivel 1)\" \/>\n<meta property=\"og:url\" content=\"https:\/\/sek.com.br\/lab\/cipsela\/producto\/coheteria-en-papel-copy-copy-copy-copy-copy\/\" \/>\n<meta property=\"og:site_name\" content=\"Cipsela Corp\" \/>\n<meta property=\"article:publisher\" content=\"https:\/\/www.facebook.com\/cipselacorp\" \/>\n<meta property=\"article:modified_time\" content=\"2023-02-16T22:32:23+00:00\" \/>\n<meta property=\"og:image\" content=\"https:\/\/sek.com.br\/lab\/cipsela\/wp-content\/uploads\/2023\/02\/2.4.jpg\" \/>\n\t<meta property=\"og:image:width\" content=\"1080\" \/>\n\t<meta property=\"og:image:height\" content=\"1080\" \/>\n\t<meta property=\"og:image:type\" content=\"image\/jpeg\" \/>\n<meta name=\"twitter:card\" content=\"summary_large_image\" \/>\n<meta name=\"twitter:site\" content=\"@cipselacorp\" \/>\n<meta name=\"twitter:label1\" content=\"Tiempo de lectura\" \/>\n\t<meta name=\"twitter:data1\" content=\"1 minuto\" \/>\n<script type=\"application\/ld+json\" class=\"yoast-schema-graph\">{\"@context\":\"https:\/\/schema.org\",\"@graph\":[{\"@type\":\"WebPage\",\"@id\":\"https:\/\/sek.com.br\/lab\/cipsela\/producto\/coheteria-en-papel-copy-copy-copy-copy-copy\/\",\"url\":\"https:\/\/sek.com.br\/lab\/cipsela\/producto\/coheteria-en-papel-copy-copy-copy-copy-copy\/\",\"name\":\"Introducci\u00f3n al mundo de la aviaci\u00f3n (Aviaci\u00f3n y Aeron\u00e1utica - Nivel 1) - Cipsela Corp\",\"isPartOf\":{\"@id\":\"https:\/\/sek.com.br\/lab\/cipsela\/#website\"},\"primaryImageOfPage\":{\"@id\":\"https:\/\/sek.com.br\/lab\/cipsela\/producto\/coheteria-en-papel-copy-copy-copy-copy-copy\/#primaryimage\"},\"image\":{\"@id\":\"https:\/\/sek.com.br\/lab\/cipsela\/producto\/coheteria-en-papel-copy-copy-copy-copy-copy\/#primaryimage\"},\"thumbnailUrl\":\"https:\/\/sek.com.br\/lab\/cipsela\/wp-content\/uploads\/2023\/02\/2.4.jpg\",\"datePublished\":\"2023-02-14T23:51:05+00:00\",\"dateModified\":\"2023-02-16T22:32:23+00:00\",\"breadcrumb\":{\"@id\":\"https:\/\/sek.com.br\/lab\/cipsela\/producto\/coheteria-en-papel-copy-copy-copy-copy-copy\/#breadcrumb\"},\"inLanguage\":\"es\",\"potentialAction\":[{\"@type\":\"ReadAction\",\"target\":[\"https:\/\/sek.com.br\/lab\/cipsela\/producto\/coheteria-en-papel-copy-copy-copy-copy-copy\/\"]}]},{\"@type\":\"ImageObject\",\"inLanguage\":\"es\",\"@id\":\"https:\/\/sek.com.br\/lab\/cipsela\/producto\/coheteria-en-papel-copy-copy-copy-copy-copy\/#primaryimage\",\"url\":\"https:\/\/sek.com.br\/lab\/cipsela\/wp-content\/uploads\/2023\/02\/2.4.jpg\",\"contentUrl\":\"https:\/\/sek.com.br\/lab\/cipsela\/wp-content\/uploads\/2023\/02\/2.4.jpg\",\"width\":1080,\"height\":1080,\"caption\":\"cursos educativos aviacion cipsela\"},{\"@type\":\"BreadcrumbList\",\"@id\":\"https:\/\/sek.com.br\/lab\/cipsela\/producto\/coheteria-en-papel-copy-copy-copy-copy-copy\/#breadcrumb\",\"itemListElement\":[{\"@type\":\"ListItem\",\"position\":1,\"name\":\"Home\",\"item\":\"https:\/\/sek.com.br\/lab\/cipsela\/\"},{\"@type\":\"ListItem\",\"position\":2,\"name\":\"Tienda\",\"item\":\"https:\/\/sek.com.br\/lab\/cipsela\/tienda\/\"},{\"@type\":\"ListItem\",\"position\":3,\"name\":\"Introducci\u00f3n al mundo de la aviaci\u00f3n (Aviaci\u00f3n y Aeron\u00e1utica &#8211; Nivel 1)\"}]},{\"@type\":\"WebSite\",\"@id\":\"https:\/\/sek.com.br\/lab\/cipsela\/#website\",\"url\":\"https:\/\/sek.com.br\/lab\/cipsela\/\",\"name\":\"Cipsela Corp\",\"description\":\"Creative and Innovative Programs for Space Education, Launch, and Aviation\",\"publisher\":{\"@id\":\"https:\/\/sek.com.br\/lab\/cipsela\/#organization\"},\"potentialAction\":[{\"@type\":\"SearchAction\",\"target\":{\"@type\":\"EntryPoint\",\"urlTemplate\":\"https:\/\/sek.com.br\/lab\/cipsela\/?s={search_term_string}\"},\"query-input\":{\"@type\":\"PropertyValueSpecification\",\"valueRequired\":true,\"valueName\":\"search_term_string\"}}],\"inLanguage\":\"es\"},{\"@type\":\"Organization\",\"@id\":\"https:\/\/sek.com.br\/lab\/cipsela\/#organization\",\"name\":\"Cipsela Corp\",\"url\":\"https:\/\/sek.com.br\/lab\/cipsela\/\",\"logo\":{\"@type\":\"ImageObject\",\"inLanguage\":\"es\",\"@id\":\"https:\/\/sek.com.br\/lab\/cipsela\/#\/schema\/logo\/image\/\",\"url\":\"https:\/\/cipsela.org\/wp-content\/uploads\/2023\/02\/LOGO-CIPSELA-HZTL_Mesa-de-trabajo-1.png\",\"contentUrl\":\"https:\/\/cipsela.org\/wp-content\/uploads\/2023\/02\/LOGO-CIPSELA-HZTL_Mesa-de-trabajo-1.png\",\"width\":5000,\"height\":1602,\"caption\":\"Cipsela Corp\"},\"image\":{\"@id\":\"https:\/\/sek.com.br\/lab\/cipsela\/#\/schema\/logo\/image\/\"},\"sameAs\":[\"https:\/\/www.facebook.com\/cipselacorp\",\"https:\/\/x.com\/cipselacorp\",\"https:\/\/www.tiktok.com\/@cipselacorp\",\"https:\/\/www.linkedin.com\/company\/cipselacorp\/?originalSubdomain=co\",\"https:\/\/www.instagram.com\/cipselacorp\/\",\"https:\/\/www.youtube.com\/channel\/UCL6tXFi8myb9FDOlcFulXlA\"]}]}<\/script>\n<!-- \/ Yoast SEO plugin. -->","yoast_head_json":{"title":"Introducci\u00f3n al mundo de la aviaci\u00f3n (Aviaci\u00f3n y Aeron\u00e1utica - Nivel 1) - Cipsela Corp","robots":{"index":"index","follow":"follow","max-snippet":"max-snippet:-1","max-image-preview":"max-image-preview:large","max-video-preview":"max-video-preview:-1"},"canonical":"https:\/\/sek.com.br\/lab\/cipsela\/producto\/coheteria-en-papel-copy-copy-copy-copy-copy\/","og_locale":"es_ES","og_type":"article","og_title":"Introducci\u00f3n al mundo de la aviaci\u00f3n (Aviaci\u00f3n y Aeron\u00e1utica - Nivel 1) - Cipsela Corp","og_description":"Introducci\u00f3n al mundo de la aviaci\u00f3n (Aviaci\u00f3n y Aeron\u00e1utica - Nivel 1)","og_url":"https:\/\/sek.com.br\/lab\/cipsela\/producto\/coheteria-en-papel-copy-copy-copy-copy-copy\/","og_site_name":"Cipsela Corp","article_publisher":"https:\/\/www.facebook.com\/cipselacorp","article_modified_time":"2023-02-16T22:32:23+00:00","og_image":[{"width":1080,"height":1080,"url":"https:\/\/sek.com.br\/lab\/cipsela\/wp-content\/uploads\/2023\/02\/2.4.jpg","type":"image\/jpeg"}],"twitter_card":"summary_large_image","twitter_site":"@cipselacorp","twitter_misc":{"Tiempo de lectura":"1 minuto"},"schema":{"@context":"https:\/\/schema.org","@graph":[{"@type":"WebPage","@id":"https:\/\/sek.com.br\/lab\/cipsela\/producto\/coheteria-en-papel-copy-copy-copy-copy-copy\/","url":"https:\/\/sek.com.br\/lab\/cipsela\/producto\/coheteria-en-papel-copy-copy-copy-copy-copy\/","name":"Introducci\u00f3n al mundo de la aviaci\u00f3n (Aviaci\u00f3n y Aeron\u00e1utica - Nivel 1) - Cipsela Corp","isPartOf":{"@id":"https:\/\/sek.com.br\/lab\/cipsela\/#website"},"primaryImageOfPage":{"@id":"https:\/\/sek.com.br\/lab\/cipsela\/producto\/coheteria-en-papel-copy-copy-copy-copy-copy\/#primaryimage"},"image":{"@id":"https:\/\/sek.com.br\/lab\/cipsela\/producto\/coheteria-en-papel-copy-copy-copy-copy-copy\/#primaryimage"},"thumbnailUrl":"https:\/\/sek.com.br\/lab\/cipsela\/wp-content\/uploads\/2023\/02\/2.4.jpg","datePublished":"2023-02-14T23:51:05+00:00","dateModified":"2023-02-16T22:32:23+00:00","breadcrumb":{"@id":"https:\/\/sek.com.br\/lab\/cipsela\/producto\/coheteria-en-papel-copy-copy-copy-copy-copy\/#breadcrumb"},"inLanguage":"es","potentialAction":[{"@type":"ReadAction","target":["https:\/\/sek.com.br\/lab\/cipsela\/producto\/coheteria-en-papel-copy-copy-copy-copy-copy\/"]}]},{"@type":"ImageObject","inLanguage":"es","@id":"https:\/\/sek.com.br\/lab\/cipsela\/producto\/coheteria-en-papel-copy-copy-copy-copy-copy\/#primaryimage","url":"https:\/\/sek.com.br\/lab\/cipsela\/wp-content\/uploads\/2023\/02\/2.4.jpg","contentUrl":"https:\/\/sek.com.br\/lab\/cipsela\/wp-content\/uploads\/2023\/02\/2.4.jpg","width":1080,"height":1080,"caption":"cursos educativos aviacion cipsela"},{"@type":"BreadcrumbList","@id":"https:\/\/sek.com.br\/lab\/cipsela\/producto\/coheteria-en-papel-copy-copy-copy-copy-copy\/#breadcrumb","itemListElement":[{"@type":"ListItem","position":1,"name":"Home","item":"https:\/\/sek.com.br\/lab\/cipsela\/"},{"@type":"ListItem","position":2,"name":"Tienda","item":"https:\/\/sek.com.br\/lab\/cipsela\/tienda\/"},{"@type":"ListItem","position":3,"name":"Introducci\u00f3n al mundo de la aviaci\u00f3n (Aviaci\u00f3n y Aeron\u00e1utica &#8211; Nivel 1)"}]},{"@type":"WebSite","@id":"https:\/\/sek.com.br\/lab\/cipsela\/#website","url":"https:\/\/sek.com.br\/lab\/cipsela\/","name":"Cipsela Corp","description":"Creative and Innovative Programs for Space Education, Launch, and Aviation","publisher":{"@id":"https:\/\/sek.com.br\/lab\/cipsela\/#organization"},"potentialAction":[{"@type":"SearchAction","target":{"@type":"EntryPoint","urlTemplate":"https:\/\/sek.com.br\/lab\/cipsela\/?s={search_term_string}"},"query-input":{"@type":"PropertyValueSpecification","valueRequired":true,"valueName":"search_term_string"}}],"inLanguage":"es"},{"@type":"Organization","@id":"https:\/\/sek.com.br\/lab\/cipsela\/#organization","name":"Cipsela Corp","url":"https:\/\/sek.com.br\/lab\/cipsela\/","logo":{"@type":"ImageObject","inLanguage":"es","@id":"https:\/\/sek.com.br\/lab\/cipsela\/#\/schema\/logo\/image\/","url":"https:\/\/cipsela.org\/wp-content\/uploads\/2023\/02\/LOGO-CIPSELA-HZTL_Mesa-de-trabajo-1.png","contentUrl":"https:\/\/cipsela.org\/wp-content\/uploads\/2023\/02\/LOGO-CIPSELA-HZTL_Mesa-de-trabajo-1.png","width":5000,"height":1602,"caption":"Cipsela Corp"},"image":{"@id":"https:\/\/sek.com.br\/lab\/cipsela\/#\/schema\/logo\/image\/"},"sameAs":["https:\/\/www.facebook.com\/cipselacorp","https:\/\/x.com\/cipselacorp","https:\/\/www.tiktok.com\/@cipselacorp","https:\/\/www.linkedin.com\/company\/cipselacorp\/?originalSubdomain=co","https:\/\/www.instagram.com\/cipselacorp\/","https:\/\/www.youtube.com\/channel\/UCL6tXFi8myb9FDOlcFulXlA"]}]}},"_links":{"self":[{"href":"https:\/\/sek.com.br\/lab\/cipsela\/wp-json\/wp\/v2\/product\/4822","targetHints":{"allow":["GET"]}}],"collection":[{"href":"https:\/\/sek.com.br\/lab\/cipsela\/wp-json\/wp\/v2\/product"}],"about":[{"href":"https:\/\/sek.com.br\/lab\/cipsela\/wp-json\/wp\/v2\/types\/product"}],"replies":[{"embeddable":true,"href":"https:\/\/sek.com.br\/lab\/cipsela\/wp-json\/wp\/v2\/comments?post=4822"}],"wp:featuredmedia":[{"embeddable":true,"href":"https:\/\/sek.com.br\/lab\/cipsela\/wp-json\/wp\/v2\/media\/4823"}],"wp:attachment":[{"href":"https:\/\/sek.com.br\/lab\/cipsela\/wp-json\/wp\/v2\/media?parent=4822"}],"wp:term":[{"taxonomy":"product_brand","embeddable":true,"href":"https:\/\/sek.com.br\/lab\/cipsela\/wp-json\/wp\/v2\/product_brand?post=4822"},{"taxonomy":"product_cat","embeddable":true,"href":"https:\/\/sek.com.br\/lab\/cipsela\/wp-json\/wp\/v2\/product_cat?post=4822"},{"taxonomy":"product_tag","embeddable":true,"href":"https:\/\/sek.com.br\/lab\/cipsela\/wp-json\/wp\/v2\/product_tag?post=4822"}],"curies":[{"name":"wp","href":"https:\/\/api.w.org\/{rel}","templated":true}]}}