{"id":2517,"date":"2023-01-22T20:12:25","date_gmt":"2023-01-23T01:12:25","guid":{"rendered":"https:\/\/cipsela.org\/producto\/coheteria-en-papel-copy-copy-copy\/"},"modified":"2023-02-15T10:45:33","modified_gmt":"2023-02-15T15:45:33","slug":"coheteria-en-papel-copy-copy-copy","status":"publish","type":"product","link":"https:\/\/sek.com.br\/lab\/cipsela\/producto\/coheteria-en-papel-copy-copy-copy\/","title":{"rendered":"Curso Coheter\u00eda de Aire (Modelismo Espacial &#8211; Nivel 1)"},"content":{"rendered":"<h2><strong>Coheter\u00eda de Aire (Modelismo Espacial &#8211; Nivel 1)<\/strong><\/h2>\n<p><strong>Descripci\u00f3n<\/strong><\/p>\n<p><span style=\"font-weight: 400;\">Gracias a la facilidad de construcci\u00f3n y operaci\u00f3n, los cohetes propulsados por aire son un excelente medio para iniciarse en el mundo de la coheter\u00eda. Su funcionamiento obedece a las mismas leyes f\u00edsicas que permiten el vuelo de cohetes reales, que llevan a \u00f3rbita sat\u00e9lites y naves espaciales. Este primer nivel de modelismo espacial le permite a los estudiantes familiarizarse r\u00e1pidamente con el ciclo de dise\u00f1o en ingenier\u00eda y competencias STEAM.<\/span><\/p>\n<p><strong>Duraci\u00f3n:<\/strong><\/p>\n<p><span style=\"font-weight: 400;\">24 horas \/ 12 sesiones \/ 12 semanas<\/span><\/p>\n<p><strong>Horario:<\/strong><\/p>\n<p><span style=\"font-weight: 400;\">S\u00e1bados 10-12m<\/span><\/p>\n<p><strong>Contenidos:<\/strong><\/p>\n<p><span style=\"font-weight: 400;\">Estabilidad <\/span><\/p>\n<p><span style=\"font-weight: 400;\">Aerodin\u00e1mica<\/span><\/p>\n<p><span style=\"font-weight: 400;\">Fundamentos de Propulsi\u00f3n<\/span><\/p>\n<p><span style=\"font-weight: 400;\">Din\u00e1mica<\/span><\/p>\n<p><span style=\"font-weight: 400;\">Movimiento parab\u00f3lico<\/span><\/p>\n<p><span style=\"font-weight: 400;\">Cinem\u00e1tica y trigonometr\u00eda<\/span><\/p>\n","protected":false},"excerpt":{"rendered":"<h2><strong>Coheter\u00eda de Aire (Modelismo Espacial &#8211; Nivel 1)<\/strong><\/h2>\n","protected":false},"featured_media":4816,"comment_status":"open","ping_status":"closed","template":"","meta":{"ocean_post_layout":"","ocean_both_sidebars_style":"","ocean_both_sidebars_content_width":0,"ocean_both_sidebars_sidebars_width":0,"ocean_sidebar":"0","ocean_second_sidebar":"0","ocean_disable_margins":"enable","ocean_add_body_class":"","ocean_shortcode_before_top_bar":"","ocean_shortcode_after_top_bar":"","ocean_shortcode_before_header":"","ocean_shortcode_after_header":"","ocean_has_shortcode":"","ocean_shortcode_after_title":"","ocean_shortcode_before_footer_widgets":"","ocean_shortcode_after_footer_widgets":"","ocean_shortcode_before_footer_bottom":"","ocean_shortcode_after_footer_bottom":"","ocean_display_top_bar":"default","ocean_display_header":"default","ocean_header_style":"transparent","ocean_center_header_left_menu":"0","ocean_custom_header_template":"0","ocean_custom_logo":0,"ocean_custom_retina_logo":0,"ocean_custom_logo_max_width":0,"ocean_custom_logo_tablet_max_width":0,"ocean_custom_logo_mobile_max_width":0,"ocean_custom_logo_max_height":0,"ocean_custom_logo_tablet_max_height":0,"ocean_custom_logo_mobile_max_height":0,"ocean_header_custom_menu":"0","ocean_menu_typo_font_family":"0","ocean_menu_typo_font_subset":"","ocean_menu_typo_font_size":0,"ocean_menu_typo_font_size_tablet":0,"ocean_menu_typo_font_size_mobile":0,"ocean_menu_typo_font_size_unit":"px","ocean_menu_typo_font_weight":"","ocean_menu_typo_font_weight_tablet":"","ocean_menu_typo_font_weight_mobile":"","ocean_menu_typo_transform":"","ocean_menu_typo_transform_tablet":"","ocean_menu_typo_transform_mobile":"","ocean_menu_typo_line_height":0,"ocean_menu_typo_line_height_tablet":0,"ocean_menu_typo_line_height_mobile":0,"ocean_menu_typo_line_height_unit":"","ocean_menu_typo_spacing":0,"ocean_menu_typo_spacing_tablet":0,"ocean_menu_typo_spacing_mobile":0,"ocean_menu_typo_spacing_unit":"","ocean_menu_link_color":"","ocean_menu_link_color_hover":"","ocean_menu_link_color_active":"","ocean_menu_link_background":"","ocean_menu_link_hover_background":"","ocean_menu_link_active_background":"","ocean_menu_social_links_bg":"","ocean_menu_social_hover_links_bg":"","ocean_menu_social_links_color":"","ocean_menu_social_hover_links_color":"","ocean_disable_title":"default","ocean_disable_heading":"on","ocean_post_title":"","ocean_post_subheading":"","ocean_post_title_style":"background-image","ocean_post_title_background_color":"","ocean_post_title_background":130,"ocean_post_title_bg_image_position":"center center","ocean_post_title_bg_image_attachment":"scroll","ocean_post_title_bg_image_repeat":"no-repeat","ocean_post_title_bg_image_size":"","ocean_post_title_height":200,"ocean_post_title_bg_overlay":0.5,"ocean_post_title_bg_overlay_color":"","ocean_disable_breadcrumbs":"default","ocean_breadcrumbs_color":"","ocean_breadcrumbs_separator_color":"","ocean_breadcrumbs_links_color":"","ocean_breadcrumbs_links_hover_color":"","ocean_display_footer_widgets":"default","ocean_display_footer_bottom":"default","ocean_custom_footer_template":"0"},"product_brand":[],"product_cat":[82],"product_tag":[],"class_list":{"0":"post-2517","1":"product","2":"type-product","3":"status-publish","4":"has-post-thumbnail","6":"product_cat-cursos","8":"entry","9":"has-media","11":"first","12":"instock","13":"sale","14":"virtual","15":"purchasable","16":"product-type-simple","17":"has-product-nav","18":"col","19":"span_1_of_3","20":"owp-content-center","21":"item-entry","22":"owp-thumbs-layout-horizontal","23":"owp-btn-big","24":"owp-tabs-layout-section","25":"has-no-thumbnails"},"yoast_head":"<!-- This site is optimized with the Yoast SEO plugin v27.2 - https:\/\/yoast.com\/product\/yoast-seo-wordpress\/ -->\n<title>Curso Coheter\u00eda de Aire (Modelismo Espacial - Nivel 1) - Cipsela Corp<\/title>\n<meta name=\"robots\" content=\"index, follow, max-snippet:-1, max-image-preview:large, max-video-preview:-1\" \/>\n<link rel=\"canonical\" href=\"https:\/\/sek.com.br\/lab\/cipsela\/producto\/coheteria-en-papel-copy-copy-copy\/\" \/>\n<meta property=\"og:locale\" content=\"es_ES\" \/>\n<meta property=\"og:type\" content=\"article\" \/>\n<meta property=\"og:title\" content=\"Curso Coheter\u00eda de Aire (Modelismo Espacial - Nivel 1) - Cipsela Corp\" \/>\n<meta property=\"og:description\" content=\"Coheter\u00eda de Aire (Modelismo Espacial - Nivel 1)\" \/>\n<meta property=\"og:url\" content=\"https:\/\/sek.com.br\/lab\/cipsela\/producto\/coheteria-en-papel-copy-copy-copy\/\" \/>\n<meta property=\"og:site_name\" content=\"Cipsela Corp\" \/>\n<meta property=\"article:publisher\" content=\"https:\/\/www.facebook.com\/cipselacorp\" \/>\n<meta property=\"article:modified_time\" content=\"2023-02-15T15:45:33+00:00\" \/>\n<meta property=\"og:image\" content=\"https:\/\/sek.com.br\/lab\/cipsela\/wp-content\/uploads\/2023\/01\/2.2.jpg\" \/>\n\t<meta property=\"og:image:width\" content=\"1080\" \/>\n\t<meta property=\"og:image:height\" content=\"1080\" \/>\n\t<meta property=\"og:image:type\" content=\"image\/jpeg\" \/>\n<meta name=\"twitter:card\" content=\"summary_large_image\" \/>\n<meta name=\"twitter:site\" content=\"@cipselacorp\" \/>\n<meta name=\"twitter:label1\" content=\"Tiempo de lectura\" \/>\n\t<meta name=\"twitter:data1\" content=\"1 minuto\" \/>\n<script type=\"application\/ld+json\" class=\"yoast-schema-graph\">{\"@context\":\"https:\/\/schema.org\",\"@graph\":[{\"@type\":\"WebPage\",\"@id\":\"https:\/\/sek.com.br\/lab\/cipsela\/producto\/coheteria-en-papel-copy-copy-copy\/\",\"url\":\"https:\/\/sek.com.br\/lab\/cipsela\/producto\/coheteria-en-papel-copy-copy-copy\/\",\"name\":\"Curso Coheter\u00eda de Aire (Modelismo Espacial - Nivel 1) - Cipsela Corp\",\"isPartOf\":{\"@id\":\"https:\/\/sek.com.br\/lab\/cipsela\/#website\"},\"primaryImageOfPage\":{\"@id\":\"https:\/\/sek.com.br\/lab\/cipsela\/producto\/coheteria-en-papel-copy-copy-copy\/#primaryimage\"},\"image\":{\"@id\":\"https:\/\/sek.com.br\/lab\/cipsela\/producto\/coheteria-en-papel-copy-copy-copy\/#primaryimage\"},\"thumbnailUrl\":\"https:\/\/sek.com.br\/lab\/cipsela\/wp-content\/uploads\/2023\/01\/2.2.jpg\",\"datePublished\":\"2023-01-23T01:12:25+00:00\",\"dateModified\":\"2023-02-15T15:45:33+00:00\",\"breadcrumb\":{\"@id\":\"https:\/\/sek.com.br\/lab\/cipsela\/producto\/coheteria-en-papel-copy-copy-copy\/#breadcrumb\"},\"inLanguage\":\"es\",\"potentialAction\":[{\"@type\":\"ReadAction\",\"target\":[\"https:\/\/sek.com.br\/lab\/cipsela\/producto\/coheteria-en-papel-copy-copy-copy\/\"]}]},{\"@type\":\"ImageObject\",\"inLanguage\":\"es\",\"@id\":\"https:\/\/sek.com.br\/lab\/cipsela\/producto\/coheteria-en-papel-copy-copy-copy\/#primaryimage\",\"url\":\"https:\/\/sek.com.br\/lab\/cipsela\/wp-content\/uploads\/2023\/01\/2.2.jpg\",\"contentUrl\":\"https:\/\/sek.com.br\/lab\/cipsela\/wp-content\/uploads\/2023\/01\/2.2.jpg\",\"width\":1080,\"height\":1080,\"caption\":\"cursos educativos coheteria de aire cipsela\"},{\"@type\":\"BreadcrumbList\",\"@id\":\"https:\/\/sek.com.br\/lab\/cipsela\/producto\/coheteria-en-papel-copy-copy-copy\/#breadcrumb\",\"itemListElement\":[{\"@type\":\"ListItem\",\"position\":1,\"name\":\"Home\",\"item\":\"https:\/\/sek.com.br\/lab\/cipsela\/\"},{\"@type\":\"ListItem\",\"position\":2,\"name\":\"Tienda\",\"item\":\"https:\/\/sek.com.br\/lab\/cipsela\/tienda\/\"},{\"@type\":\"ListItem\",\"position\":3,\"name\":\"Curso Coheter\u00eda de Aire (Modelismo Espacial &#8211; Nivel 1)\"}]},{\"@type\":\"WebSite\",\"@id\":\"https:\/\/sek.com.br\/lab\/cipsela\/#website\",\"url\":\"https:\/\/sek.com.br\/lab\/cipsela\/\",\"name\":\"Cipsela Corp\",\"description\":\"Creative and Innovative Programs for Space Education, Launch, and Aviation\",\"publisher\":{\"@id\":\"https:\/\/sek.com.br\/lab\/cipsela\/#organization\"},\"potentialAction\":[{\"@type\":\"SearchAction\",\"target\":{\"@type\":\"EntryPoint\",\"urlTemplate\":\"https:\/\/sek.com.br\/lab\/cipsela\/?s={search_term_string}\"},\"query-input\":{\"@type\":\"PropertyValueSpecification\",\"valueRequired\":true,\"valueName\":\"search_term_string\"}}],\"inLanguage\":\"es\"},{\"@type\":\"Organization\",\"@id\":\"https:\/\/sek.com.br\/lab\/cipsela\/#organization\",\"name\":\"Cipsela Corp\",\"url\":\"https:\/\/sek.com.br\/lab\/cipsela\/\",\"logo\":{\"@type\":\"ImageObject\",\"inLanguage\":\"es\",\"@id\":\"https:\/\/sek.com.br\/lab\/cipsela\/#\/schema\/logo\/image\/\",\"url\":\"https:\/\/cipsela.org\/wp-content\/uploads\/2023\/02\/LOGO-CIPSELA-HZTL_Mesa-de-trabajo-1.png\",\"contentUrl\":\"https:\/\/cipsela.org\/wp-content\/uploads\/2023\/02\/LOGO-CIPSELA-HZTL_Mesa-de-trabajo-1.png\",\"width\":5000,\"height\":1602,\"caption\":\"Cipsela Corp\"},\"image\":{\"@id\":\"https:\/\/sek.com.br\/lab\/cipsela\/#\/schema\/logo\/image\/\"},\"sameAs\":[\"https:\/\/www.facebook.com\/cipselacorp\",\"https:\/\/x.com\/cipselacorp\",\"https:\/\/www.tiktok.com\/@cipselacorp\",\"https:\/\/www.linkedin.com\/company\/cipselacorp\/?originalSubdomain=co\",\"https:\/\/www.instagram.com\/cipselacorp\/\",\"https:\/\/www.youtube.com\/channel\/UCL6tXFi8myb9FDOlcFulXlA\"]}]}<\/script>\n<!-- \/ Yoast SEO plugin. -->","yoast_head_json":{"title":"Curso Coheter\u00eda de Aire (Modelismo Espacial - Nivel 1) - Cipsela Corp","robots":{"index":"index","follow":"follow","max-snippet":"max-snippet:-1","max-image-preview":"max-image-preview:large","max-video-preview":"max-video-preview:-1"},"canonical":"https:\/\/sek.com.br\/lab\/cipsela\/producto\/coheteria-en-papel-copy-copy-copy\/","og_locale":"es_ES","og_type":"article","og_title":"Curso Coheter\u00eda de Aire (Modelismo Espacial - Nivel 1) - Cipsela Corp","og_description":"Coheter\u00eda de Aire (Modelismo Espacial - Nivel 1)","og_url":"https:\/\/sek.com.br\/lab\/cipsela\/producto\/coheteria-en-papel-copy-copy-copy\/","og_site_name":"Cipsela Corp","article_publisher":"https:\/\/www.facebook.com\/cipselacorp","article_modified_time":"2023-02-15T15:45:33+00:00","og_image":[{"width":1080,"height":1080,"url":"https:\/\/sek.com.br\/lab\/cipsela\/wp-content\/uploads\/2023\/01\/2.2.jpg","type":"image\/jpeg"}],"twitter_card":"summary_large_image","twitter_site":"@cipselacorp","twitter_misc":{"Tiempo de lectura":"1 minuto"},"schema":{"@context":"https:\/\/schema.org","@graph":[{"@type":"WebPage","@id":"https:\/\/sek.com.br\/lab\/cipsela\/producto\/coheteria-en-papel-copy-copy-copy\/","url":"https:\/\/sek.com.br\/lab\/cipsela\/producto\/coheteria-en-papel-copy-copy-copy\/","name":"Curso Coheter\u00eda de Aire (Modelismo Espacial - Nivel 1) - Cipsela Corp","isPartOf":{"@id":"https:\/\/sek.com.br\/lab\/cipsela\/#website"},"primaryImageOfPage":{"@id":"https:\/\/sek.com.br\/lab\/cipsela\/producto\/coheteria-en-papel-copy-copy-copy\/#primaryimage"},"image":{"@id":"https:\/\/sek.com.br\/lab\/cipsela\/producto\/coheteria-en-papel-copy-copy-copy\/#primaryimage"},"thumbnailUrl":"https:\/\/sek.com.br\/lab\/cipsela\/wp-content\/uploads\/2023\/01\/2.2.jpg","datePublished":"2023-01-23T01:12:25+00:00","dateModified":"2023-02-15T15:45:33+00:00","breadcrumb":{"@id":"https:\/\/sek.com.br\/lab\/cipsela\/producto\/coheteria-en-papel-copy-copy-copy\/#breadcrumb"},"inLanguage":"es","potentialAction":[{"@type":"ReadAction","target":["https:\/\/sek.com.br\/lab\/cipsela\/producto\/coheteria-en-papel-copy-copy-copy\/"]}]},{"@type":"ImageObject","inLanguage":"es","@id":"https:\/\/sek.com.br\/lab\/cipsela\/producto\/coheteria-en-papel-copy-copy-copy\/#primaryimage","url":"https:\/\/sek.com.br\/lab\/cipsela\/wp-content\/uploads\/2023\/01\/2.2.jpg","contentUrl":"https:\/\/sek.com.br\/lab\/cipsela\/wp-content\/uploads\/2023\/01\/2.2.jpg","width":1080,"height":1080,"caption":"cursos educativos coheteria de aire cipsela"},{"@type":"BreadcrumbList","@id":"https:\/\/sek.com.br\/lab\/cipsela\/producto\/coheteria-en-papel-copy-copy-copy\/#breadcrumb","itemListElement":[{"@type":"ListItem","position":1,"name":"Home","item":"https:\/\/sek.com.br\/lab\/cipsela\/"},{"@type":"ListItem","position":2,"name":"Tienda","item":"https:\/\/sek.com.br\/lab\/cipsela\/tienda\/"},{"@type":"ListItem","position":3,"name":"Curso Coheter\u00eda de Aire (Modelismo Espacial &#8211; Nivel 1)"}]},{"@type":"WebSite","@id":"https:\/\/sek.com.br\/lab\/cipsela\/#website","url":"https:\/\/sek.com.br\/lab\/cipsela\/","name":"Cipsela Corp","description":"Creative and Innovative Programs for Space Education, Launch, and Aviation","publisher":{"@id":"https:\/\/sek.com.br\/lab\/cipsela\/#organization"},"potentialAction":[{"@type":"SearchAction","target":{"@type":"EntryPoint","urlTemplate":"https:\/\/sek.com.br\/lab\/cipsela\/?s={search_term_string}"},"query-input":{"@type":"PropertyValueSpecification","valueRequired":true,"valueName":"search_term_string"}}],"inLanguage":"es"},{"@type":"Organization","@id":"https:\/\/sek.com.br\/lab\/cipsela\/#organization","name":"Cipsela Corp","url":"https:\/\/sek.com.br\/lab\/cipsela\/","logo":{"@type":"ImageObject","inLanguage":"es","@id":"https:\/\/sek.com.br\/lab\/cipsela\/#\/schema\/logo\/image\/","url":"https:\/\/cipsela.org\/wp-content\/uploads\/2023\/02\/LOGO-CIPSELA-HZTL_Mesa-de-trabajo-1.png","contentUrl":"https:\/\/cipsela.org\/wp-content\/uploads\/2023\/02\/LOGO-CIPSELA-HZTL_Mesa-de-trabajo-1.png","width":5000,"height":1602,"caption":"Cipsela Corp"},"image":{"@id":"https:\/\/sek.com.br\/lab\/cipsela\/#\/schema\/logo\/image\/"},"sameAs":["https:\/\/www.facebook.com\/cipselacorp","https:\/\/x.com\/cipselacorp","https:\/\/www.tiktok.com\/@cipselacorp","https:\/\/www.linkedin.com\/company\/cipselacorp\/?originalSubdomain=co","https:\/\/www.instagram.com\/cipselacorp\/","https:\/\/www.youtube.com\/channel\/UCL6tXFi8myb9FDOlcFulXlA"]}]}},"_links":{"self":[{"href":"https:\/\/sek.com.br\/lab\/cipsela\/wp-json\/wp\/v2\/product\/2517","targetHints":{"allow":["GET"]}}],"collection":[{"href":"https:\/\/sek.com.br\/lab\/cipsela\/wp-json\/wp\/v2\/product"}],"about":[{"href":"https:\/\/sek.com.br\/lab\/cipsela\/wp-json\/wp\/v2\/types\/product"}],"replies":[{"embeddable":true,"href":"https:\/\/sek.com.br\/lab\/cipsela\/wp-json\/wp\/v2\/comments?post=2517"}],"wp:featuredmedia":[{"embeddable":true,"href":"https:\/\/sek.com.br\/lab\/cipsela\/wp-json\/wp\/v2\/media\/4816"}],"wp:attachment":[{"href":"https:\/\/sek.com.br\/lab\/cipsela\/wp-json\/wp\/v2\/media?parent=2517"}],"wp:term":[{"taxonomy":"product_brand","embeddable":true,"href":"https:\/\/sek.com.br\/lab\/cipsela\/wp-json\/wp\/v2\/product_brand?post=2517"},{"taxonomy":"product_cat","embeddable":true,"href":"https:\/\/sek.com.br\/lab\/cipsela\/wp-json\/wp\/v2\/product_cat?post=2517"},{"taxonomy":"product_tag","embeddable":true,"href":"https:\/\/sek.com.br\/lab\/cipsela\/wp-json\/wp\/v2\/product_tag?post=2517"}],"curies":[{"name":"wp","href":"https:\/\/api.w.org\/{rel}","templated":true}]}}