{"id":3338,"date":"2023-01-27T11:44:55","date_gmt":"2023-01-27T16:44:55","guid":{"rendered":"https:\/\/cipsela.org\/semillero-santiago-de-arma-copy\/"},"modified":"2023-01-27T11:54:42","modified_gmt":"2023-01-27T16:54:42","slug":"semillero-gimnasio-contemporaneo","status":"publish","type":"page","link":"https:\/\/sek.com.br\/lab\/cipsela\/semillero-gimnasio-contemporaneo\/","title":{"rendered":"Semillero Colegio Gimnasio Contempor\u00e1neo\u200b"},"content":{"rendered":"\t\t<div data-elementor-type=\"wp-page\" data-elementor-id=\"3338\" class=\"elementor elementor-3338\" data-elementor-post-type=\"page\">\n\t\t\t\t\t\t<section class=\"elementor-section elementor-top-section elementor-element elementor-element-29decbf elementor-section-stretched elementor-section-boxed elementor-section-height-default elementor-section-height-default\" data-id=\"29decbf\" data-element_type=\"section\" data-settings=\"{&quot;stretch_section&quot;:&quot;section-stretched&quot;}\">\n\t\t\t\t\t\t<div class=\"elementor-container elementor-column-gap-wider\">\n\t\t\t\t\t<div class=\"elementor-column elementor-col-100 elementor-top-column elementor-element elementor-element-ce40d40\" data-id=\"ce40d40\" data-element_type=\"column\">\n\t\t\t<div class=\"elementor-widget-wrap elementor-element-populated\">\n\t\t\t\t\t\t<div class=\"elementor-element elementor-element-71a25e1 elementor-widget elementor-widget-heading\" data-id=\"71a25e1\" data-element_type=\"widget\" data-widget_type=\"heading.default\">\n\t\t\t\t<div class=\"elementor-widget-container\">\n\t\t\t\t\t<h2 class=\"elementor-heading-title elementor-size-default\"><img decoding=\"async\" role=\"img\" class=\"emoji\" alt=\"\ud83d\ude80\" src=\"https:\/\/s.w.org\/images\/core\/emoji\/14.0.0\/svg\/1f680.svg\"> Semillero Colegio Gimnasio Contempor\u00e1neo\u200b<\/h2>\t\t\t\t<\/div>\n\t\t\t\t<\/div>\n\t\t\t\t\t<\/div>\n\t\t<\/div>\n\t\t\t\t\t<\/div>\n\t\t<\/section>\n\t\t\t\t<section class=\"elementor-section elementor-top-section elementor-element elementor-element-0ecebcc elementor-section-boxed elementor-section-height-default elementor-section-height-default\" data-id=\"0ecebcc\" data-element_type=\"section\">\n\t\t\t\t\t\t<div class=\"elementor-container elementor-column-gap-default\">\n\t\t\t\t\t<div class=\"elementor-column elementor-col-100 elementor-top-column elementor-element elementor-element-cd403f7\" data-id=\"cd403f7\" data-element_type=\"column\">\n\t\t\t<div class=\"elementor-widget-wrap elementor-element-populated\">\n\t\t\t\t\t\t<div class=\"elementor-element elementor-element-efad86b elementor-widget elementor-widget-text-editor\" data-id=\"efad86b\" data-element_type=\"widget\" data-widget_type=\"text-editor.default\">\n\t\t\t\t<div class=\"elementor-widget-container\">\n\t\t\t\t\t\t\t\t\t<p>J\u00f3venes del Colegio Gimnasio Contempor\u00e1neo finalizan la aventura de su primer semillero aeroespacial con el lanzamiento de cohetes de modelismo espacial Capit\u00e1n Beto. Propulsi\u00f3n, aerodin\u00e1mica, fuerzas, cinem\u00e1tica, din\u00e1mica de vuelo, fueron algunos de los temas que se aprendieron &#8211; haciendo y afianzando las habilidades del siglo XXI.<\/p>\t\t\t\t\t\t\t\t<\/div>\n\t\t\t\t<\/div>\n\t\t\t\t\t<\/div>\n\t\t<\/div>\n\t\t\t\t\t<\/div>\n\t\t<\/section>\n\t\t\t\t<section class=\"elementor-section elementor-top-section elementor-element elementor-element-fdc570f elementor-section-boxed elementor-section-height-default elementor-section-height-default\" data-id=\"fdc570f\" data-element_type=\"section\">\n\t\t\t\t\t\t<div class=\"elementor-container elementor-column-gap-default\">\n\t\t\t\t\t<div class=\"elementor-column elementor-col-100 elementor-top-column elementor-element elementor-element-4a53ab0\" data-id=\"4a53ab0\" data-element_type=\"column\">\n\t\t\t<div class=\"elementor-widget-wrap elementor-element-populated\">\n\t\t\t\t\t\t<div class=\"elementor-element elementor-element-aaf4cf2 elementor-skin-carousel elementor-arrows-yes elementor-pagination-type-bullets elementor-pagination-position-outside elementor-widget elementor-widget-media-carousel\" data-id=\"aaf4cf2\" data-element_type=\"widget\" data-settings=\"{&quot;skin&quot;:&quot;carousel&quot;,&quot;effect&quot;:&quot;slide&quot;,&quot;show_arrows&quot;:&quot;yes&quot;,&quot;pagination&quot;:&quot;bullets&quot;,&quot;speed&quot;:500,&quot;autoplay&quot;:&quot;yes&quot;,&quot;autoplay_speed&quot;:5000,&quot;loop&quot;:&quot;yes&quot;,&quot;pause_on_hover&quot;:&quot;yes&quot;,&quot;pause_on_interaction&quot;:&quot;yes&quot;,&quot;space_between&quot;:{&quot;unit&quot;:&quot;px&quot;,&quot;size&quot;:10,&quot;sizes&quot;:[]},&quot;space_between_tablet&quot;:{&quot;unit&quot;:&quot;px&quot;,&quot;size&quot;:10,&quot;sizes&quot;:[]},&quot;space_between_mobile&quot;:{&quot;unit&quot;:&quot;px&quot;,&quot;size&quot;:10,&quot;sizes&quot;:[]}}\" data-widget_type=\"media-carousel.default\">\n\t\t\t\t<div class=\"elementor-widget-container\">\n\t\t\t\t\t\t\t<div class=\"elementor-swiper\">\n\t\t\t<div class=\"elementor-main-swiper swiper-container\">\n\t\t\t\t<div class=\"swiper-wrapper\">\n\t\t\t\t\t\t\t\t\t\t\t<div class=\"swiper-slide\">\n\t\t\t\t\t\t\t\t\t<div class=\"elementor-carousel-image\" role=\"img\" aria-label=\"IMG_20221119_124007\" style=\"background-image: url(&#039;https:\/\/sek.com.br\/lab\/cipsela\/wp-content\/uploads\/2023\/01\/IMG_20221119_124007-scaled.jpg&#039;)\">\n\n\t\t\t\n\t\t\t\t\t<\/div>\n\t\t\t\t\t\t\t\t<\/div>\n\t\t\t\t\t\t\t\t\t\t\t<div class=\"swiper-slide\">\n\t\t\t\t\t\t\t\t\t<div class=\"elementor-carousel-image\" role=\"img\" aria-label=\"IMG_20220806_115634\" style=\"background-image: url(&#039;https:\/\/sek.com.br\/lab\/cipsela\/wp-content\/uploads\/2023\/01\/IMG_20220806_115634-scaled.jpg&#039;)\">\n\n\t\t\t\n\t\t\t\t\t<\/div>\n\t\t\t\t\t\t\t\t<\/div>\n\t\t\t\t\t\t\t\t\t\t\t<div class=\"swiper-slide\">\n\t\t\t\t\t\t\t\t\t<div class=\"elementor-carousel-image\" role=\"img\" aria-label=\"IMG_20220806_121129\" style=\"background-image: url(&#039;https:\/\/sek.com.br\/lab\/cipsela\/wp-content\/uploads\/2023\/01\/IMG_20220806_121129-scaled.jpg&#039;)\">\n\n\t\t\t\n\t\t\t\t\t<\/div>\n\t\t\t\t\t\t\t\t<\/div>\n\t\t\t\t\t\t\t\t\t\t\t<div class=\"swiper-slide\">\n\t\t\t\t\t\t\t\t\t<div class=\"elementor-carousel-image\" role=\"img\" aria-label=\"IMG_20220806_125239\" style=\"background-image: url(&#039;https:\/\/sek.com.br\/lab\/cipsela\/wp-content\/uploads\/2023\/01\/IMG_20220806_125239-scaled.jpg&#039;)\">\n\n\t\t\t\n\t\t\t\t\t<\/div>\n\t\t\t\t\t\t\t\t<\/div>\n\t\t\t\t\t\t\t\t\t\t\t<div class=\"swiper-slide\">\n\t\t\t\t\t\t\t\t\t<div class=\"elementor-carousel-image\" role=\"img\" aria-label=\"semillero aeroespacial stem steam cipsela\" style=\"background-image: url(&#039;https:\/\/sek.com.br\/lab\/cipsela\/wp-content\/uploads\/2023\/01\/IMG_20220806_125336-scaled.jpg&#039;)\">\n\n\t\t\t\n\t\t\t\t\t<\/div>\n\t\t\t\t\t\t\t\t<\/div>\n\t\t\t\t\t\t\t\t\t<\/div>\n\t\t\t\t\t\t\t\t\t\t\t\t\t\t\t<div class=\"swiper-pagination\"><\/div>\n\t\t\t\t\t\t\t\t\t\t\t\t\t\t\t\t<div class=\"elementor-swiper-button elementor-swiper-button-prev\" role=\"button\" tabindex=\"0\">\n\t\t\t\t\t\t\t<i aria-hidden=\"true\" class=\"eicon-chevron-left\"><\/i>\t\t\t\t\t\t\t<span class=\"elementor-screen-only\">Previous<\/span>\n\t\t\t\t\t\t<\/div>\n\t\t\t\t\t\t<div class=\"elementor-swiper-button elementor-swiper-button-next\" role=\"button\" tabindex=\"0\">\n\t\t\t\t\t\t\t<i aria-hidden=\"true\" class=\"eicon-chevron-right\"><\/i>\t\t\t\t\t\t\t<span class=\"elementor-screen-only\">Next<\/span>\n\t\t\t\t\t\t<\/div>\n\t\t\t\t\t\t\t\t\t\t\t\t<\/div>\n\t\t<\/div>\n\t\t\t\t\t\t<\/div>\n\t\t\t\t<\/div>\n\t\t\t\t\t<\/div>\n\t\t<\/div>\n\t\t\t\t\t<\/div>\n\t\t<\/section>\n\t\t\t\t<\/div>\n\t\t","protected":false},"excerpt":{"rendered":"<p>Semillero Colegio Gimnasio Contempor\u00e1neo\u200b J\u00f3venes del Colegio Gimnasio Contempor\u00e1neo finalizan la aventura de su primer semillero aeroespacial con el lanzamiento de cohetes de modelismo espacial Capit\u00e1n Beto. Propulsi\u00f3n, aerodin\u00e1mica, fuerzas, cinem\u00e1tica, din\u00e1mica de vuelo, fueron algunos de los temas que se aprendieron &#8211; haciendo y afianzando las habilidades del siglo XXI. Previous Next<\/p>\n","protected":false},"author":1,"featured_media":0,"parent":0,"menu_order":0,"comment_status":"closed","ping_status":"closed","template":"","meta":{"ocean_post_layout":"","ocean_both_sidebars_style":"","ocean_both_sidebars_content_width":0,"ocean_both_sidebars_sidebars_width":0,"ocean_sidebar":"0","ocean_second_sidebar":"0","ocean_disable_margins":"on","ocean_add_body_class":"","ocean_shortcode_before_top_bar":"","ocean_shortcode_after_top_bar":"","ocean_shortcode_before_header":"","ocean_shortcode_after_header":"","ocean_has_shortcode":"","ocean_shortcode_after_title":"","ocean_shortcode_before_footer_widgets":"","ocean_shortcode_after_footer_widgets":"","ocean_shortcode_before_footer_bottom":"","ocean_shortcode_after_footer_bottom":"","ocean_display_top_bar":"default","ocean_display_header":"default","ocean_header_style":"","ocean_center_header_left_menu":"0","ocean_custom_header_template":"0","ocean_custom_logo":0,"ocean_custom_retina_logo":0,"ocean_custom_logo_max_width":0,"ocean_custom_logo_tablet_max_width":0,"ocean_custom_logo_mobile_max_width":0,"ocean_custom_logo_max_height":0,"ocean_custom_logo_tablet_max_height":0,"ocean_custom_logo_mobile_max_height":0,"ocean_header_custom_menu":"0","ocean_menu_typo_font_family":"0","ocean_menu_typo_font_subset":"","ocean_menu_typo_font_size":0,"ocean_menu_typo_font_size_tablet":0,"ocean_menu_typo_font_size_mobile":0,"ocean_menu_typo_font_size_unit":"px","ocean_menu_typo_font_weight":"","ocean_menu_typo_font_weight_tablet":"","ocean_menu_typo_font_weight_mobile":"","ocean_menu_typo_transform":"","ocean_menu_typo_transform_tablet":"","ocean_menu_typo_transform_mobile":"","ocean_menu_typo_line_height":0,"ocean_menu_typo_line_height_tablet":0,"ocean_menu_typo_line_height_mobile":0,"ocean_menu_typo_line_height_unit":"","ocean_menu_typo_spacing":0,"ocean_menu_typo_spacing_tablet":0,"ocean_menu_typo_spacing_mobile":0,"ocean_menu_typo_spacing_unit":"","ocean_menu_link_color":"","ocean_menu_link_color_hover":"","ocean_menu_link_color_active":"","ocean_menu_link_background":"","ocean_menu_link_hover_background":"","ocean_menu_link_active_background":"","ocean_menu_social_links_bg":"","ocean_menu_social_hover_links_bg":"","ocean_menu_social_links_color":"","ocean_menu_social_hover_links_color":"","ocean_disable_title":"on","ocean_disable_heading":"on","ocean_post_title":"","ocean_post_subheading":"","ocean_post_title_style":"","ocean_post_title_background_color":"","ocean_post_title_background":0,"ocean_post_title_bg_image_position":"","ocean_post_title_bg_image_attachment":"","ocean_post_title_bg_image_repeat":"","ocean_post_title_bg_image_size":"","ocean_post_title_height":0,"ocean_post_title_bg_overlay":0.5,"ocean_post_title_bg_overlay_color":"","ocean_disable_breadcrumbs":"off","ocean_breadcrumbs_color":"","ocean_breadcrumbs_separator_color":"","ocean_breadcrumbs_links_color":"","ocean_breadcrumbs_links_hover_color":"","ocean_display_footer_widgets":"default","ocean_display_footer_bottom":"default","ocean_custom_footer_template":"0","footnotes":""},"class_list":["post-3338","page","type-page","status-publish","hentry","entry","owp-thumbs-layout-horizontal","owp-btn-big","owp-tabs-layout-section","has-no-thumbnails","has-product-nav"],"yoast_head":"<!-- This site is optimized with the Yoast SEO plugin v27.2 - https:\/\/yoast.com\/product\/yoast-seo-wordpress\/ -->\n<title>Semillero Colegio Gimnasio Contempor\u00e1neo\u200b - Cipsela Corp<\/title>\n<meta name=\"robots\" content=\"index, follow, max-snippet:-1, max-image-preview:large, max-video-preview:-1\" \/>\n<link rel=\"canonical\" href=\"https:\/\/sek.com.br\/lab\/cipsela\/semillero-gimnasio-contemporaneo\/\" \/>\n<meta property=\"og:locale\" content=\"es_ES\" \/>\n<meta property=\"og:type\" content=\"article\" \/>\n<meta property=\"og:title\" content=\"Semillero Colegio Gimnasio Contempor\u00e1neo\u200b - Cipsela Corp\" \/>\n<meta property=\"og:description\" content=\"Semillero Colegio Gimnasio Contempor\u00e1neo\u200b J\u00f3venes del Colegio Gimnasio Contempor\u00e1neo finalizan la aventura de su primer semillero aeroespacial con el lanzamiento de cohetes de modelismo espacial Capit\u00e1n Beto. Propulsi\u00f3n, aerodin\u00e1mica, fuerzas, cinem\u00e1tica, din\u00e1mica de vuelo, fueron algunos de los temas que se aprendieron &#8211; haciendo y afianzando las habilidades del siglo XXI. Previous Next\" \/>\n<meta property=\"og:url\" content=\"https:\/\/sek.com.br\/lab\/cipsela\/semillero-gimnasio-contemporaneo\/\" \/>\n<meta property=\"og:site_name\" content=\"Cipsela Corp\" \/>\n<meta property=\"article:publisher\" content=\"https:\/\/www.facebook.com\/cipselacorp\" \/>\n<meta property=\"article:modified_time\" content=\"2023-01-27T16:54:42+00:00\" \/>\n<meta property=\"og:image\" content=\"https:\/\/s.w.org\/images\/core\/emoji\/14.0.0\/svg\/1f680.svg\" \/>\n<meta name=\"twitter:card\" content=\"summary_large_image\" \/>\n<meta name=\"twitter:site\" content=\"@cipselacorp\" \/>\n<script type=\"application\/ld+json\" class=\"yoast-schema-graph\">{\"@context\":\"https:\/\/schema.org\",\"@graph\":[{\"@type\":\"WebPage\",\"@id\":\"https:\/\/sek.com.br\/lab\/cipsela\/semillero-gimnasio-contemporaneo\/\",\"url\":\"https:\/\/sek.com.br\/lab\/cipsela\/semillero-gimnasio-contemporaneo\/\",\"name\":\"Semillero Colegio Gimnasio Contempor\u00e1neo\u200b - Cipsela Corp\",\"isPartOf\":{\"@id\":\"https:\/\/sek.com.br\/lab\/cipsela\/#website\"},\"primaryImageOfPage\":{\"@id\":\"https:\/\/sek.com.br\/lab\/cipsela\/semillero-gimnasio-contemporaneo\/#primaryimage\"},\"image\":{\"@id\":\"https:\/\/sek.com.br\/lab\/cipsela\/semillero-gimnasio-contemporaneo\/#primaryimage\"},\"thumbnailUrl\":\"https:\/\/s.w.org\/images\/core\/emoji\/14.0.0\/svg\/1f680.svg\",\"datePublished\":\"2023-01-27T16:44:55+00:00\",\"dateModified\":\"2023-01-27T16:54:42+00:00\",\"breadcrumb\":{\"@id\":\"https:\/\/sek.com.br\/lab\/cipsela\/semillero-gimnasio-contemporaneo\/#breadcrumb\"},\"inLanguage\":\"es\",\"potentialAction\":[{\"@type\":\"ReadAction\",\"target\":[\"https:\/\/sek.com.br\/lab\/cipsela\/semillero-gimnasio-contemporaneo\/\"]}]},{\"@type\":\"ImageObject\",\"inLanguage\":\"es\",\"@id\":\"https:\/\/sek.com.br\/lab\/cipsela\/semillero-gimnasio-contemporaneo\/#primaryimage\",\"url\":\"https:\/\/s.w.org\/images\/core\/emoji\/14.0.0\/svg\/1f680.svg\",\"contentUrl\":\"https:\/\/s.w.org\/images\/core\/emoji\/14.0.0\/svg\/1f680.svg\"},{\"@type\":\"BreadcrumbList\",\"@id\":\"https:\/\/sek.com.br\/lab\/cipsela\/semillero-gimnasio-contemporaneo\/#breadcrumb\",\"itemListElement\":[{\"@type\":\"ListItem\",\"position\":1,\"name\":\"Home\",\"item\":\"https:\/\/sek.com.br\/lab\/cipsela\/\"},{\"@type\":\"ListItem\",\"position\":2,\"name\":\"Semillero Colegio Gimnasio Contempor\u00e1neo\u200b\"}]},{\"@type\":\"WebSite\",\"@id\":\"https:\/\/sek.com.br\/lab\/cipsela\/#website\",\"url\":\"https:\/\/sek.com.br\/lab\/cipsela\/\",\"name\":\"Cipsela Corp\",\"description\":\"Creative and Innovative Programs for Space Education, Launch, and Aviation\",\"publisher\":{\"@id\":\"https:\/\/sek.com.br\/lab\/cipsela\/#organization\"},\"potentialAction\":[{\"@type\":\"SearchAction\",\"target\":{\"@type\":\"EntryPoint\",\"urlTemplate\":\"https:\/\/sek.com.br\/lab\/cipsela\/?s={search_term_string}\"},\"query-input\":{\"@type\":\"PropertyValueSpecification\",\"valueRequired\":true,\"valueName\":\"search_term_string\"}}],\"inLanguage\":\"es\"},{\"@type\":\"Organization\",\"@id\":\"https:\/\/sek.com.br\/lab\/cipsela\/#organization\",\"name\":\"Cipsela Corp\",\"url\":\"https:\/\/sek.com.br\/lab\/cipsela\/\",\"logo\":{\"@type\":\"ImageObject\",\"inLanguage\":\"es\",\"@id\":\"https:\/\/sek.com.br\/lab\/cipsela\/#\/schema\/logo\/image\/\",\"url\":\"https:\/\/cipsela.org\/wp-content\/uploads\/2023\/02\/LOGO-CIPSELA-HZTL_Mesa-de-trabajo-1.png\",\"contentUrl\":\"https:\/\/cipsela.org\/wp-content\/uploads\/2023\/02\/LOGO-CIPSELA-HZTL_Mesa-de-trabajo-1.png\",\"width\":5000,\"height\":1602,\"caption\":\"Cipsela Corp\"},\"image\":{\"@id\":\"https:\/\/sek.com.br\/lab\/cipsela\/#\/schema\/logo\/image\/\"},\"sameAs\":[\"https:\/\/www.facebook.com\/cipselacorp\",\"https:\/\/x.com\/cipselacorp\",\"https:\/\/www.tiktok.com\/@cipselacorp\",\"https:\/\/www.linkedin.com\/company\/cipselacorp\/?originalSubdomain=co\",\"https:\/\/www.instagram.com\/cipselacorp\/\",\"https:\/\/www.youtube.com\/channel\/UCL6tXFi8myb9FDOlcFulXlA\"]}]}<\/script>\n<!-- \/ Yoast SEO plugin. -->","yoast_head_json":{"title":"Semillero Colegio Gimnasio Contempor\u00e1neo\u200b - Cipsela Corp","robots":{"index":"index","follow":"follow","max-snippet":"max-snippet:-1","max-image-preview":"max-image-preview:large","max-video-preview":"max-video-preview:-1"},"canonical":"https:\/\/sek.com.br\/lab\/cipsela\/semillero-gimnasio-contemporaneo\/","og_locale":"es_ES","og_type":"article","og_title":"Semillero Colegio Gimnasio Contempor\u00e1neo\u200b - Cipsela Corp","og_description":"Semillero Colegio Gimnasio Contempor\u00e1neo\u200b J\u00f3venes del Colegio Gimnasio Contempor\u00e1neo finalizan la aventura de su primer semillero aeroespacial con el lanzamiento de cohetes de modelismo espacial Capit\u00e1n Beto. Propulsi\u00f3n, aerodin\u00e1mica, fuerzas, cinem\u00e1tica, din\u00e1mica de vuelo, fueron algunos de los temas que se aprendieron &#8211; haciendo y afianzando las habilidades del siglo XXI. Previous Next","og_url":"https:\/\/sek.com.br\/lab\/cipsela\/semillero-gimnasio-contemporaneo\/","og_site_name":"Cipsela Corp","article_publisher":"https:\/\/www.facebook.com\/cipselacorp","article_modified_time":"2023-01-27T16:54:42+00:00","og_image":[{"url":"https:\/\/s.w.org\/images\/core\/emoji\/14.0.0\/svg\/1f680.svg","type":"","width":"","height":""}],"twitter_card":"summary_large_image","twitter_site":"@cipselacorp","schema":{"@context":"https:\/\/schema.org","@graph":[{"@type":"WebPage","@id":"https:\/\/sek.com.br\/lab\/cipsela\/semillero-gimnasio-contemporaneo\/","url":"https:\/\/sek.com.br\/lab\/cipsela\/semillero-gimnasio-contemporaneo\/","name":"Semillero Colegio Gimnasio Contempor\u00e1neo\u200b - Cipsela Corp","isPartOf":{"@id":"https:\/\/sek.com.br\/lab\/cipsela\/#website"},"primaryImageOfPage":{"@id":"https:\/\/sek.com.br\/lab\/cipsela\/semillero-gimnasio-contemporaneo\/#primaryimage"},"image":{"@id":"https:\/\/sek.com.br\/lab\/cipsela\/semillero-gimnasio-contemporaneo\/#primaryimage"},"thumbnailUrl":"https:\/\/s.w.org\/images\/core\/emoji\/14.0.0\/svg\/1f680.svg","datePublished":"2023-01-27T16:44:55+00:00","dateModified":"2023-01-27T16:54:42+00:00","breadcrumb":{"@id":"https:\/\/sek.com.br\/lab\/cipsela\/semillero-gimnasio-contemporaneo\/#breadcrumb"},"inLanguage":"es","potentialAction":[{"@type":"ReadAction","target":["https:\/\/sek.com.br\/lab\/cipsela\/semillero-gimnasio-contemporaneo\/"]}]},{"@type":"ImageObject","inLanguage":"es","@id":"https:\/\/sek.com.br\/lab\/cipsela\/semillero-gimnasio-contemporaneo\/#primaryimage","url":"https:\/\/s.w.org\/images\/core\/emoji\/14.0.0\/svg\/1f680.svg","contentUrl":"https:\/\/s.w.org\/images\/core\/emoji\/14.0.0\/svg\/1f680.svg"},{"@type":"BreadcrumbList","@id":"https:\/\/sek.com.br\/lab\/cipsela\/semillero-gimnasio-contemporaneo\/#breadcrumb","itemListElement":[{"@type":"ListItem","position":1,"name":"Home","item":"https:\/\/sek.com.br\/lab\/cipsela\/"},{"@type":"ListItem","position":2,"name":"Semillero Colegio Gimnasio Contempor\u00e1neo\u200b"}]},{"@type":"WebSite","@id":"https:\/\/sek.com.br\/lab\/cipsela\/#website","url":"https:\/\/sek.com.br\/lab\/cipsela\/","name":"Cipsela Corp","description":"Creative and Innovative Programs for Space Education, Launch, and Aviation","publisher":{"@id":"https:\/\/sek.com.br\/lab\/cipsela\/#organization"},"potentialAction":[{"@type":"SearchAction","target":{"@type":"EntryPoint","urlTemplate":"https:\/\/sek.com.br\/lab\/cipsela\/?s={search_term_string}"},"query-input":{"@type":"PropertyValueSpecification","valueRequired":true,"valueName":"search_term_string"}}],"inLanguage":"es"},{"@type":"Organization","@id":"https:\/\/sek.com.br\/lab\/cipsela\/#organization","name":"Cipsela Corp","url":"https:\/\/sek.com.br\/lab\/cipsela\/","logo":{"@type":"ImageObject","inLanguage":"es","@id":"https:\/\/sek.com.br\/lab\/cipsela\/#\/schema\/logo\/image\/","url":"https:\/\/cipsela.org\/wp-content\/uploads\/2023\/02\/LOGO-CIPSELA-HZTL_Mesa-de-trabajo-1.png","contentUrl":"https:\/\/cipsela.org\/wp-content\/uploads\/2023\/02\/LOGO-CIPSELA-HZTL_Mesa-de-trabajo-1.png","width":5000,"height":1602,"caption":"Cipsela Corp"},"image":{"@id":"https:\/\/sek.com.br\/lab\/cipsela\/#\/schema\/logo\/image\/"},"sameAs":["https:\/\/www.facebook.com\/cipselacorp","https:\/\/x.com\/cipselacorp","https:\/\/www.tiktok.com\/@cipselacorp","https:\/\/www.linkedin.com\/company\/cipselacorp\/?originalSubdomain=co","https:\/\/www.instagram.com\/cipselacorp\/","https:\/\/www.youtube.com\/channel\/UCL6tXFi8myb9FDOlcFulXlA"]}]}},"_links":{"self":[{"href":"https:\/\/sek.com.br\/lab\/cipsela\/wp-json\/wp\/v2\/pages\/3338","targetHints":{"allow":["GET"]}}],"collection":[{"href":"https:\/\/sek.com.br\/lab\/cipsela\/wp-json\/wp\/v2\/pages"}],"about":[{"href":"https:\/\/sek.com.br\/lab\/cipsela\/wp-json\/wp\/v2\/types\/page"}],"author":[{"embeddable":true,"href":"https:\/\/sek.com.br\/lab\/cipsela\/wp-json\/wp\/v2\/users\/1"}],"replies":[{"embeddable":true,"href":"https:\/\/sek.com.br\/lab\/cipsela\/wp-json\/wp\/v2\/comments?post=3338"}],"version-history":[{"count":10,"href":"https:\/\/sek.com.br\/lab\/cipsela\/wp-json\/wp\/v2\/pages\/3338\/revisions"}],"predecessor-version":[{"id":3357,"href":"https:\/\/sek.com.br\/lab\/cipsela\/wp-json\/wp\/v2\/pages\/3338\/revisions\/3357"}],"wp:attachment":[{"href":"https:\/\/sek.com.br\/lab\/cipsela\/wp-json\/wp\/v2\/media?parent=3338"}],"curies":[{"name":"wp","href":"https:\/\/api.w.org\/{rel}","templated":true}]}}